{"id":1490,"date":"2024-02-15T10:10:49","date_gmt":"2024-02-15T15:10:49","guid":{"rendered":"https:\/\/www.gcmutual.com\/landing\/?page_id=1490"},"modified":"2024-02-15T11:16:20","modified_gmt":"2024-02-15T16:16:20","slug":"aviso-de-privacidad-2","status":"publish","type":"page","link":"https:\/\/www.gcmutual.com\/landing\/aviso-de-privacidad-2\/","title":{"rendered":"Aviso de privacidad GCmutual"},"content":{"rendered":"\t\t<div data-elementor-type=\"wp-page\" data-elementor-id=\"1490\" class=\"elementor elementor-1490\" data-elementor-post-type=\"page\">\n\t\t\t\t<div class=\"elementor-element elementor-element-302359d e-flex e-con-boxed e-con e-parent\" data-id=\"302359d\" data-element_type=\"container\" data-e-type=\"container\">\n\t\t\t\t\t<div class=\"e-con-inner\">\n\t\t\t\t<div class=\"elementor-element elementor-element-6c5afab elementor-widget elementor-widget-text-editor\" data-id=\"6c5afab\" data-element_type=\"widget\" data-e-type=\"widget\" data-widget_type=\"text-editor.default\">\n\t\t\t\t<div class=\"elementor-widget-container\">\n\t\t\t\t\t\t\t\t\t<p><strong>ASOCIACI\u00d3N MUTUAL GC MUTUAL<\/strong> informa al p\u00fablico en general y especialmente a sus clientes. contratantes, asociados, trabajadores y proveedores activos e inactivos, de conformidad con la Ley<\/p><p>1266 de 2008. Ley 1581 de 2012. Ley 2300 de 2023, y el Decreto 1377 de 2013, que da tratamiento a sus datos personales con ocasi\u00f3n de las relaciones comerciales y contractuales desarrolladas en virtud de la prestaci\u00f3n de servicios, requiere de su autorizaci\u00f3n para continuar con el tratamiento de dicha informaci\u00f3n para las siguientes finalidades:<\/p><ol><li>Administrar los productos de ahorro adquiridos por los asociados.<\/li><li>Realizar la gesti\u00f3n de cobro directa o indirectamente de los cr\u00e9ditos otorgados por ASOCIACI\u00d3N MUTUAL. GC MUTUAL.<\/li><li>Remitir comunicaciones y documentos contables y financieros.<\/li><li>Informar sobre nuestros servicios, eventos y datos de inter\u00e9s que tenga ASOCIACI\u00d3N MUTUAL. GC MUTUAL.<\/li><li>Realizar procesamiento y miner\u00eda de datos.<\/li><li>Realizar la gesti\u00f3n comercial<\/li><li>Evaluar la calidad de nuestros servicios.<\/li><\/ol><p>\u00a0<\/p><p>Se le informa a los titulares de la informaci\u00f3n que pueden consultar el Manual de Pol\u00edticas y<\/p><p>Tratamiento de Datos Personales de ASOCIACI\u00d3N MUTUAL. GC MUTUAL el cual contiene las pol\u00edticas para el tratamiento de la informaci\u00f3n obtenida, as\u00ed como los procedimientos de consulta y reclamaci\u00f3n que le permitir\u00e1n hacer efectivos sus derechos de conocer, actualizar, rectificar y solicitar la supresi\u00f3n de sus datos personales, solicitar la prueba de la autorizaci\u00f3n otorgada, ser informado sobre el uso que se da a sus datos personales, presentar quejas por infracciones a lo dispuesto en las normas de datos personales, revocar la autorizaci\u00f3n otorgada.<\/p>\t\t\t\t\t\t\t\t<\/div>\n\t\t\t\t<\/div>\n\t\t\t\t\t<\/div>\n\t\t\t\t<\/div>\n\t\t<div class=\"elementor-element elementor-element-2614c70 e-flex e-con-boxed e-con e-parent\" data-id=\"2614c70\" data-element_type=\"container\" data-e-type=\"container\">\n\t\t\t\t\t<div class=\"e-con-inner\">\n\t\t<a class=\"elementor-element elementor-element-f14bcd8 e-flex e-con-boxed e-con e-child\" data-id=\"f14bcd8\" data-element_type=\"container\" data-e-type=\"container\" data-settings=\"{&quot;background_background&quot;:&quot;classic&quot;}\" href=\"https:\/\/www.gcmutual.com\/landing\/wp-content\/uploads\/2023\/12\/Manual_de_politicas_de_tratamiento-gcmutual2023.pdf\" target=\"_blank\">\n\t\t\t\t\t<div class=\"e-con-inner\">\n\t\t\t\t<div class=\"elementor-element elementor-element-6196aa4 elementor-mobile-position-inline-start elementor-widget__width-inherit elementor-position-inline-start elementor-view-default elementor-widget elementor-widget-icon-box\" data-id=\"6196aa4\" data-element_type=\"widget\" data-e-type=\"widget\" data-widget_type=\"icon-box.default\">\n\t\t\t\t<div class=\"elementor-widget-container\">\n\t\t\t\t\t\t\t<div class=\"elementor-icon-box-wrapper\">\n\n\t\t\t\t\t\t<div class=\"elementor-icon-box-icon\">\n\t\t\t\t<span  class=\"elementor-icon\">\n\t\t\t\t<svg xmlns=\"http:\/\/www.w3.org\/2000\/svg\" id=\"Layer_1\" height=\"512\" viewBox=\"0 0 24 24\" width=\"512\" data-name=\"Layer 1\"><path d=\"m24 11.5a4.476 4.476 0 0 0 -1.706-3.5 4.481 4.481 0 0 0 -2.794-8h-15a4.481 4.481 0 0 0 -2.794 8 4.443 4.443 0 0 0 0 7 4.481 4.481 0 0 0 2.794 8h15a4.481 4.481 0 0 0 2.794-8 4.476 4.476 0 0 0 1.706-3.5zm-22-7a2.5 2.5 0 0 1 2.5-2.5h.5v1a1 1 0 0 0 2 0v-1h2v1a1 1 0 0 0 2 0v-1h8.5a2.5 2.5 0 0 1 0 5h-15a2.5 2.5 0 0 1 -2.5-2.5zm20 14a2.5 2.5 0 0 1 -2.5 2.5h-15a2.5 2.5 0 0 1 0-5h.5v1a1 1 0 0 0 2 0v-1h2v1a1 1 0 0 0 2 0v-1h8.5a2.5 2.5 0 0 1 2.5 2.5zm-17.5-4.5a2.5 2.5 0 0 1 0-5h.5v1a1 1 0 0 0 2 0v-1h2v1a1 1 0 0 0 2 0v-1h8.5a2.5 2.5 0 0 1 0 5z\"><\/path><\/svg>\t\t\t\t<\/span>\n\t\t\t<\/div>\n\t\t\t\n\t\t\t\t\t\t<div class=\"elementor-icon-box-content\">\n\n\t\t\t\t\t\t\t\t\t<h3 class=\"elementor-icon-box-title\">\n\t\t\t\t\t\t<span  >\n\t\t\t\t\t\t\tManual de politicas de tratamiento GCmutual\t\t\t\t\t\t<\/span>\n\t\t\t\t\t<\/h3>\n\t\t\t\t\n\t\t\t\t\n\t\t\t<\/div>\n\t\t\t\n\t\t<\/div>\n\t\t\t\t\t\t<\/div>\n\t\t\t\t<\/div>\n\t\t\t\t\t<\/div>\n\t\t\t\t<\/a>\n\t\t\t\t\t<\/div>\n\t\t\t\t<\/div>\n\t\t\t\t<\/div>\n\t\t","protected":false},"excerpt":{"rendered":"<p>ASOCIACI\u00d3N MUTUAL GC MUTUAL informa al p\u00fablico en general y especialmente a sus clientes. contratantes, asociados, trabajadores y proveedores activos e inactivos, de conformidad con la Ley 1266 de 2008. Ley 1581 de 2012. Ley 2300 de 2023, y el Decreto 1377 de 2013, que da tratamiento a sus datos personales con ocasi\u00f3n de las [&hellip;]<\/p>\n","protected":false},"author":1,"featured_media":0,"parent":0,"menu_order":0,"comment_status":"closed","ping_status":"closed","template":"","meta":{"inline_featured_image":false,"footnotes":""},"class_list":["post-1490","page","type-page","status-publish","hentry"],"_links":{"self":[{"href":"https:\/\/www.gcmutual.com\/landing\/wp-json\/wp\/v2\/pages\/1490","targetHints":{"allow":["GET"]}}],"collection":[{"href":"https:\/\/www.gcmutual.com\/landing\/wp-json\/wp\/v2\/pages"}],"about":[{"href":"https:\/\/www.gcmutual.com\/landing\/wp-json\/wp\/v2\/types\/page"}],"author":[{"embeddable":true,"href":"https:\/\/www.gcmutual.com\/landing\/wp-json\/wp\/v2\/users\/1"}],"replies":[{"embeddable":true,"href":"https:\/\/www.gcmutual.com\/landing\/wp-json\/wp\/v2\/comments?post=1490"}],"version-history":[{"count":17,"href":"https:\/\/www.gcmutual.com\/landing\/wp-json\/wp\/v2\/pages\/1490\/revisions"}],"predecessor-version":[{"id":1512,"href":"https:\/\/www.gcmutual.com\/landing\/wp-json\/wp\/v2\/pages\/1490\/revisions\/1512"}],"wp:attachment":[{"href":"https:\/\/www.gcmutual.com\/landing\/wp-json\/wp\/v2\/media?parent=1490"}],"curies":[{"name":"wp","href":"https:\/\/api.w.org\/{rel}","templated":true}]}}